{"id":20380,"date":"2025-06-14T00:33:32","date_gmt":"2025-06-13T22:33:32","guid":{"rendered":"http:\/\/193.134.250.242\/eco-design-and-lca-consulting\/"},"modified":"2025-08-31T14:51:28","modified_gmt":"2025-08-31T12:51:28","slug":"eco-design-and-lca-consulting","status":"publish","type":"page","link":"https:\/\/kisaco.io\/en\/eco-design-and-lca-consulting\/","title":{"rendered":"Eco-design and LCA consulting"},"content":{"rendered":"\t\t<div data-elementor-type=\"wp-page\" data-elementor-id=\"20380\" class=\"elementor elementor-20380 elementor-19987\" data-elementor-post-type=\"page\">\n\t\t\t\t<div class=\"elementor-element elementor-element-90a8996 e-flex e-con-boxed e-con e-parent\" data-id=\"90a8996\" data-element_type=\"container\" data-e-type=\"container\">\n\t\t\t\t\t<div class=\"e-con-inner\">\n\t\t\t\t<div class=\"elementor-element elementor-element-e26a2b1 elementor-cta--skin-cover elementor-cta--valign-bottom elementor-animated-content elementor-bg-transform elementor-bg-transform-zoom-in elementor-widget elementor-widget-call-to-action\" data-id=\"e26a2b1\" data-element_type=\"widget\" data-e-type=\"widget\" data-widget_type=\"call-to-action.default\">\n\t\t\t\t<div class=\"elementor-widget-container\">\n\t\t\t\t\t\t\t<div class=\"elementor-cta\">\n\t\t\t\t\t<div class=\"elementor-cta__bg-wrapper\">\n\t\t\t\t<div class=\"elementor-cta__bg elementor-bg\" style=\"background-image: url(https:\/\/kisaco.io\/wp-content\/uploads\/2025\/06\/marc-st-WKKG5oYx3qA-unsplash-3-1024x685.jpg);\" role=\"img\" aria-label=\"Conseil \u00e9coconception - Conseil ACV : nos sp\u00e9cialistes accompagnent les \u00e9quipes R&amp;D, marketing et RSE\npour d\u00e9velopper des produits durables, d\u00e9sirables et rentables\"><\/div>\n\t\t\t\t<div class=\"elementor-cta__bg-overlay\"><\/div>\n\t\t\t<\/div>\n\t\t\t\t\t\t\t<div class=\"elementor-cta__content\">\n\t\t\t\t\n\t\t\t\t\t\t\t\t\t<h1 class=\"elementor-cta__title elementor-cta__content-item elementor-content-item elementor-animated-item--grow\">\n\t\t\t\t\t\tLet\u2019s build a more beautiful world \u2014 together\t\t\t\t\t<\/h1>\n\t\t\t\t\n\t\t\t\t\t\t\t\t\t<h2 class=\"elementor-cta__description elementor-cta__content-item elementor-content-item elementor-animated-item--grow\">\n\t\t\t\t\t\tHands-on support to create products that are desirable, profitable and sustainable\t\t\t\t\t<\/h2>\n\t\t\t\t\n\t\t\t\t\t\t\t\t\t<div class=\"elementor-cta__button-wrapper elementor-cta__content-item elementor-content-item elementor-animated-item--grow\">\n\t\t\t\t\t<a class=\"elementor-cta__button elementor-button elementor-size-\" href=\"https:\/\/kisaco.io\/en\/request-a-meeting-with-kisaco\/\">\n\t\t\t\t\t\tRequest a meeting\t\t\t\t\t<\/a>\n\t\t\t\t\t<\/div>\n\t\t\t\t\t\t\t<\/div>\n\t\t\t\t\t\t<\/div>\n\t\t\t\t\t\t<\/div>\n\t\t\t\t<\/div>\n\t\t\t\t\t<\/div>\n\t\t\t\t<\/div>\n\t\t<div class=\"elementor-element elementor-element-d263336 e-flex e-con-boxed e-con e-parent\" data-id=\"d263336\" data-element_type=\"container\" data-e-type=\"container\">\n\t\t\t\t\t<div class=\"e-con-inner\">\n\t\t<div class=\"elementor-element elementor-element-7f51bc7 e-con-full e-flex e-con e-child\" data-id=\"7f51bc7\" data-element_type=\"container\" data-e-type=\"container\">\n\t\t<div class=\"elementor-element elementor-element-2b5816d e-con-full e-flex e-con e-child\" data-id=\"2b5816d\" data-element_type=\"container\" data-e-type=\"container\">\n\t\t<div class=\"elementor-element elementor-element-a4d22de e-con-full e-flex e-con e-child\" data-id=\"a4d22de\" data-element_type=\"container\" data-e-type=\"container\">\n\t\t\t\t<div class=\"elementor-element elementor-element-96c3ee3 elementor-widget elementor-widget-spacer\" data-id=\"96c3ee3\" data-element_type=\"widget\" data-e-type=\"widget\" data-widget_type=\"spacer.default\">\n\t\t\t\t<div class=\"elementor-widget-container\">\n\t\t\t\t\t\t\t<div class=\"elementor-spacer\">\n\t\t\t<div class=\"elementor-spacer-inner\"><\/div>\n\t\t<\/div>\n\t\t\t\t\t\t<\/div>\n\t\t\t\t<\/div>\n\t\t\t\t<div class=\"elementor-element elementor-element-b2ec270 elementor-widget elementor-widget-heading\" data-id=\"b2ec270\" data-element_type=\"widget\" data-e-type=\"widget\" data-widget_type=\"heading.default\">\n\t\t\t\t<div class=\"elementor-widget-container\">\n\t\t\t\t\t<h2 class=\"elementor-heading-title elementor-size-default\">Turn product impact into business performance<\/h2>\t\t\t\t<\/div>\n\t\t\t\t<\/div>\n\t\t\t\t<div class=\"elementor-element elementor-element-58a2b2f elementor-widget-divider--view-line elementor-widget elementor-widget-divider\" data-id=\"58a2b2f\" data-element_type=\"widget\" data-e-type=\"widget\" data-widget_type=\"divider.default\">\n\t\t\t\t<div class=\"elementor-widget-container\">\n\t\t\t\t\t\t\t<div class=\"elementor-divider\">\n\t\t\t<span class=\"elementor-divider-separator\">\n\t\t\t\t\t\t<\/span>\n\t\t<\/div>\n\t\t\t\t\t\t<\/div>\n\t\t\t\t<\/div>\n\t\t\t\t<div class=\"elementor-element elementor-element-916cd0f elementor-widget elementor-widget-spacer\" data-id=\"916cd0f\" data-element_type=\"widget\" data-e-type=\"widget\" data-widget_type=\"spacer.default\">\n\t\t\t\t<div class=\"elementor-widget-container\">\n\t\t\t\t\t\t\t<div class=\"elementor-spacer\">\n\t\t\t<div class=\"elementor-spacer-inner\"><\/div>\n\t\t<\/div>\n\t\t\t\t\t\t<\/div>\n\t\t\t\t<\/div>\n\t\t\t\t<\/div>\n\t\t<div class=\"elementor-element elementor-element-c719b61 e-con-full e-flex e-con e-child\" data-id=\"c719b61\" data-element_type=\"container\" data-e-type=\"container\">\n\t\t\t\t<div class=\"elementor-element elementor-element-ccd7310 elementor-widget elementor-widget-spacer\" data-id=\"ccd7310\" data-element_type=\"widget\" data-e-type=\"widget\" data-widget_type=\"spacer.default\">\n\t\t\t\t<div class=\"elementor-widget-container\">\n\t\t\t\t\t\t\t<div class=\"elementor-spacer\">\n\t\t\t<div class=\"elementor-spacer-inner\"><\/div>\n\t\t<\/div>\n\t\t\t\t\t\t<\/div>\n\t\t\t\t<\/div>\n\t\t\t\t<div class=\"elementor-element elementor-element-9d0aa3f elementor-widget elementor-widget-text-editor\" data-id=\"9d0aa3f\" data-element_type=\"widget\" data-e-type=\"widget\" data-widget_type=\"text-editor.default\">\n\t\t\t\t<div class=\"elementor-widget-container\">\n\t\t\t\t\t\t\t\t\t<p style=\"text-align: center;\">Our specialists support your R&amp;D, marketing and sustainability teams<br>to assess and improve the environmental footprint of your products<\/p>\t\t\t\t\t\t\t\t<\/div>\n\t\t\t\t<\/div>\n\t\t\t\t<\/div>\n\t\t\t\t<\/div>\n\t\t<div class=\"elementor-element elementor-element-efe959a e-con-full e-flex e-con e-child\" data-id=\"efe959a\" data-element_type=\"container\" data-e-type=\"container\">\n\t\t\t\t<div class=\"elementor-element elementor-element-44e1ac6 elementor-widget elementor-widget-spacer\" data-id=\"44e1ac6\" data-element_type=\"widget\" data-e-type=\"widget\" data-widget_type=\"spacer.default\">\n\t\t\t\t<div class=\"elementor-widget-container\">\n\t\t\t\t\t\t\t<div class=\"elementor-spacer\">\n\t\t\t<div class=\"elementor-spacer-inner\"><\/div>\n\t\t<\/div>\n\t\t\t\t\t\t<\/div>\n\t\t\t\t<\/div>\n\t\t\t\t<\/div>\n\t\t\t\t<\/div>\n\t\t<div class=\"elementor-element elementor-element-17e14f2 e-con-full e-flex e-con e-child\" data-id=\"17e14f2\" data-element_type=\"container\" data-e-type=\"container\">\n\t\t<div class=\"elementor-element elementor-element-7d9d918 e-con-full e-flex e-con e-child\" data-id=\"7d9d918\" data-element_type=\"container\" data-e-type=\"container\">\n\t\t\t\t<div class=\"elementor-element elementor-element-2fc1ff9 elementor-widget elementor-widget-spacer\" data-id=\"2fc1ff9\" data-element_type=\"widget\" data-e-type=\"widget\" data-widget_type=\"spacer.default\">\n\t\t\t\t<div class=\"elementor-widget-container\">\n\t\t\t\t\t\t\t<div class=\"elementor-spacer\">\n\t\t\t<div class=\"elementor-spacer-inner\"><\/div>\n\t\t<\/div>\n\t\t\t\t\t\t<\/div>\n\t\t\t\t<\/div>\n\t\t\t\t<\/div>\n\t\t<div class=\"elementor-element elementor-element-05266f1 e-con-full e-flex e-con e-child\" data-id=\"05266f1\" data-element_type=\"container\" data-e-type=\"container\">\n\t\t<div class=\"elementor-element elementor-element-dbc7c6a e-con-full e-flex e-con e-child\" data-id=\"dbc7c6a\" data-element_type=\"container\" data-e-type=\"container\">\n\t\t<div class=\"elementor-element elementor-element-55f1551 e-con-full e-flex e-con e-child\" data-id=\"55f1551\" data-element_type=\"container\" data-e-type=\"container\">\n\t\t<div class=\"elementor-element elementor-element-cd123d1 e-con-full e-flex e-con e-child\" data-id=\"cd123d1\" data-element_type=\"container\" data-e-type=\"container\" data-settings=\"{&quot;background_background&quot;:&quot;classic&quot;}\">\n\t\t<div class=\"elementor-element elementor-element-f4fbb46 e-con-full e-flex e-con e-child\" data-id=\"f4fbb46\" data-element_type=\"container\" data-e-type=\"container\" data-settings=\"{&quot;background_background&quot;:&quot;classic&quot;}\">\n\t\t\t\t<div class=\"elementor-element elementor-element-df13f5c elementor-position-top elementor-widget elementor-widget-image-box\" data-id=\"df13f5c\" data-element_type=\"widget\" data-e-type=\"widget\" data-widget_type=\"image-box.default\">\n\t\t\t\t<div class=\"elementor-widget-container\">\n\t\t\t\t\t<div class=\"elementor-image-box-wrapper\"><figure class=\"elementor-image-box-img\"><img fetchpriority=\"high\" decoding=\"async\" width=\"2560\" height=\"1707\" src=\"https:\/\/kisaco.io\/wp-content\/uploads\/2025\/06\/iStock-2167339078-scaled.jpg\" class=\"attachment-full size-full wp-image-19691\" alt=\"D\u00e9couvrez k-Maker, la plateforme d&#039;ACV et d&#039;\u00e9coconception\" title=\"\" srcset=\"https:\/\/kisaco.io\/wp-content\/uploads\/2025\/06\/iStock-2167339078-scaled.jpg 2560w, https:\/\/kisaco.io\/wp-content\/uploads\/2025\/06\/iStock-2167339078-300x200.jpg 300w, https:\/\/kisaco.io\/wp-content\/uploads\/2025\/06\/iStock-2167339078-1024x683.jpg 1024w, https:\/\/kisaco.io\/wp-content\/uploads\/2025\/06\/iStock-2167339078-768x512.jpg 768w, https:\/\/kisaco.io\/wp-content\/uploads\/2025\/06\/iStock-2167339078-1536x1024.jpg 1536w, https:\/\/kisaco.io\/wp-content\/uploads\/2025\/06\/iStock-2167339078-2048x1365.jpg 2048w\" sizes=\"(max-width: 2560px) 100vw, 2560px\" \/><\/figure><div class=\"elementor-image-box-content\"><h3 class=\"elementor-image-box-title\">CUSTOM LCA STUDIES &amp; R&amp;D SUPPORT<\/h3><p class=\"elementor-image-box-description\">Conduct tailored life cycle assessments for your product or process.<br> <br>Launch R&amp;D projects that integrate eco-design from the start \u2014 <br>impact projections, techno-economic studies, and more...<\/p><\/div><\/div>\t\t\t\t<\/div>\n\t\t\t\t<\/div>\n\t\t\t\t<\/div>\n\t\t<div class=\"elementor-element elementor-element-11ffacc e-con-full e-flex e-con e-child\" data-id=\"11ffacc\" data-element_type=\"container\" data-e-type=\"container\" data-settings=\"{&quot;background_background&quot;:&quot;classic&quot;}\">\n\t\t\t\t<div class=\"elementor-element elementor-element-03967de elementor-position-top elementor-widget elementor-widget-image-box\" data-id=\"03967de\" data-element_type=\"widget\" data-e-type=\"widget\" data-widget_type=\"image-box.default\">\n\t\t\t\t<div class=\"elementor-widget-container\">\n\t\t\t\t\t<div class=\"elementor-image-box-wrapper\"><figure class=\"elementor-image-box-img\"><img decoding=\"async\" width=\"640\" height=\"427\" src=\"https:\/\/kisaco.io\/wp-content\/uploads\/2025\/06\/pawel-czerwinski-fOXvuWswMDs-unsplash-2.jpg\" class=\"attachment-large size-large wp-image-19580\" alt=\"Environmental performance isn\u2019t a constraint \u2014it\u2019s a catalyst.\" title=\"\" srcset=\"https:\/\/kisaco.io\/wp-content\/uploads\/2025\/06\/pawel-czerwinski-fOXvuWswMDs-unsplash-2.jpg 640w, https:\/\/kisaco.io\/wp-content\/uploads\/2025\/06\/pawel-czerwinski-fOXvuWswMDs-unsplash-2-300x200.jpg 300w\" sizes=\"(max-width: 640px) 100vw, 640px\" \/><\/figure><div class=\"elementor-image-box-content\"><h3 class=\"elementor-image-box-title\">STRATEGIC TRAINING &amp; WORKSHOPS<\/h3><p class=\"elementor-image-box-description\">Raise awareness across your teams with pragmatic, actionable formats.<br><br>Host co-creation workshops or expert sessions <br>on eco-design and environmental performance<\/p><\/div><\/div>\t\t\t\t<\/div>\n\t\t\t\t<\/div>\n\t\t\t\t<\/div>\n\t\t<div class=\"elementor-element elementor-element-5416868 e-con-full e-flex e-con e-child\" data-id=\"5416868\" data-element_type=\"container\" data-e-type=\"container\">\n\t\t\t\t<div class=\"elementor-element elementor-element-37aaf0c elementor-position-top elementor-widget elementor-widget-image-box\" data-id=\"37aaf0c\" data-element_type=\"widget\" data-e-type=\"widget\" data-widget_type=\"image-box.default\">\n\t\t\t\t<div class=\"elementor-widget-container\">\n\t\t\t\t\t<div class=\"elementor-image-box-wrapper\"><figure class=\"elementor-image-box-img\"><img decoding=\"async\" width=\"800\" height=\"534\" src=\"https:\/\/kisaco.io\/wp-content\/uploads\/2025\/06\/iStock-178122761-1024x683.jpg\" class=\"attachment-large size-large wp-image-19461\" alt=\"Kisaco helps companies design products and services that are desirable, profitable, and sustainable\u2014using tools like eco-design and LCA.\" title=\"\" srcset=\"https:\/\/kisaco.io\/wp-content\/uploads\/2025\/06\/iStock-178122761-1024x683.jpg 1024w, https:\/\/kisaco.io\/wp-content\/uploads\/2025\/06\/iStock-178122761-300x200.jpg 300w, https:\/\/kisaco.io\/wp-content\/uploads\/2025\/06\/iStock-178122761-768x512.jpg 768w, https:\/\/kisaco.io\/wp-content\/uploads\/2025\/06\/iStock-178122761-1536x1024.jpg 1536w, https:\/\/kisaco.io\/wp-content\/uploads\/2025\/06\/iStock-178122761-2048x1366.jpg 2048w\" sizes=\"(max-width: 800px) 100vw, 800px\" \/><\/figure><div class=\"elementor-image-box-content\"><h3 class=\"elementor-image-box-title\">SUSTAINABLE FUNDING &amp; ESG POSITIONING<\/h3><p class=\"elementor-image-box-description\">Identify and secure sustainable funding (ADEME, CEE, etc.) with our dedicated support.<br><br>Leverage your LCA data to convince investors and <br>showcase your ESG leadership<\/p><\/div><\/div>\t\t\t\t<\/div>\n\t\t\t\t<\/div>\n\t\t\t\t<\/div>\n\t\t\t\t<\/div>\n\t\t\t\t<\/div>\n\t\t\t\t<\/div>\n\t\t\t\t<\/div>\n\t\t<div class=\"elementor-element elementor-element-3b4b40b e-con-full e-flex e-con e-child\" data-id=\"3b4b40b\" data-element_type=\"container\" data-e-type=\"container\">\n\t\t\t\t<div class=\"elementor-element elementor-element-de3e749 elementor-widget elementor-widget-spacer\" data-id=\"de3e749\" data-element_type=\"widget\" data-e-type=\"widget\" data-widget_type=\"spacer.default\">\n\t\t\t\t<div class=\"elementor-widget-container\">\n\t\t\t\t\t\t\t<div class=\"elementor-spacer\">\n\t\t\t<div class=\"elementor-spacer-inner\"><\/div>\n\t\t<\/div>\n\t\t\t\t\t\t<\/div>\n\t\t\t\t<\/div>\n\t\t\t\t<\/div>\n\t\t\t\t<\/div>\n\t\t\t\t\t<\/div>\n\t\t\t\t<\/div>\n\t\t<div class=\"elementor-element elementor-element-5911d9f e-con-full e-flex e-con e-parent\" data-id=\"5911d9f\" data-element_type=\"container\" data-e-type=\"container\">\n\t\t\t\t<div class=\"elementor-element elementor-element-49d7caa content-align-cta-center elementor-widget elementor-widget-eael-cta-box\" data-id=\"49d7caa\" data-element_type=\"widget\" data-e-type=\"widget\" data-widget_type=\"eael-cta-box.default\">\n\t\t\t\t<div class=\"elementor-widget-container\">\n\t\t\t\t\t\t\t<div class=\"eael-call-to-action cta-basic bg-img cta-preset-1\">\n        <h2 class=\"title eael-cta-heading\">READY TO JOIN THE MOVEMENT FOR DESIRABLE, <br>PROFITABLE AND SUSTAINABLE PRODUCTS?<\/h2><p><b><br>Reduce your product impact, accelerate your fundraising <br>and lead more responsible innovation.<\/b><\/p><a href=\"\/demande-de-rendez-vous-kisaco\" class=\"cta-button cta-preset-1  \">Request a meeting<\/a>\t<\/div>\n\t\t\t\t\t\t\t\t<\/div>\n\t\t\t\t<\/div>\n\t\t\t\t<\/div>\n\t\t\t\t<\/div>\n\t\t","protected":false},"excerpt":{"rendered":"<p>Let\u2019s build a more beautiful world \u2014 together Hands-on support to create products that are desirable, profitable and sustainable Request a meeting Turn product impact into business performance Our specialists support your R&amp;D, marketing and sustainability teamsto assess and improve the environmental footprint of your products CUSTOM LCA STUDIES &amp; R&amp;D SUPPORT Conduct tailored life [&hellip;]<\/p>\n","protected":false},"author":1,"featured_media":19408,"parent":0,"menu_order":0,"comment_status":"closed","ping_status":"closed","template":"","meta":{"footnotes":""},"categories":[36],"tags":[46],"class_list":["post-20380","page","type-page","status-publish","has-post-thumbnail","hentry","category-page-standard","tag-standard-en"],"_links":{"self":[{"href":"https:\/\/kisaco.io\/en\/wp-json\/wp\/v2\/pages\/20380","targetHints":{"allow":["GET"]}}],"collection":[{"href":"https:\/\/kisaco.io\/en\/wp-json\/wp\/v2\/pages"}],"about":[{"href":"https:\/\/kisaco.io\/en\/wp-json\/wp\/v2\/types\/page"}],"author":[{"embeddable":true,"href":"https:\/\/kisaco.io\/en\/wp-json\/wp\/v2\/users\/1"}],"replies":[{"embeddable":true,"href":"https:\/\/kisaco.io\/en\/wp-json\/wp\/v2\/comments?post=20380"}],"version-history":[{"count":10,"href":"https:\/\/kisaco.io\/en\/wp-json\/wp\/v2\/pages\/20380\/revisions"}],"predecessor-version":[{"id":21149,"href":"https:\/\/kisaco.io\/en\/wp-json\/wp\/v2\/pages\/20380\/revisions\/21149"}],"wp:featuredmedia":[{"embeddable":true,"href":"https:\/\/kisaco.io\/en\/wp-json\/wp\/v2\/media\/19408"}],"wp:attachment":[{"href":"https:\/\/kisaco.io\/en\/wp-json\/wp\/v2\/media?parent=20380"}],"wp:term":[{"taxonomy":"category","embeddable":true,"href":"https:\/\/kisaco.io\/en\/wp-json\/wp\/v2\/categories?post=20380"},{"taxonomy":"post_tag","embeddable":true,"href":"https:\/\/kisaco.io\/en\/wp-json\/wp\/v2\/tags?post=20380"}],"curies":[{"name":"wp","href":"https:\/\/api.w.org\/{rel}","templated":true}]}}